{"id":2867,"date":"2022-06-04T21:34:20","date_gmt":"2022-06-04T21:34:20","guid":{"rendered":"https:\/\/buggy-mallorca.com\/condiciones\/"},"modified":"2023-02-22T14:25:14","modified_gmt":"2023-02-22T14:25:14","slug":"condiciones","status":"publish","type":"page","link":"https:\/\/buggy-mallorca.com\/es\/condiciones\/","title":{"rendered":"Condiciones"},"content":{"rendered":"<p><div class=\"fusion-fullwidth fullwidth-box fusion-builder-row-1 fusion-flex-container fusion-parallax-none nonhundred-percent-fullwidth non-hundred-percent-height-scrolling lazyload\" style=\"--awb-background-position:left top;--awb-background-repeat:repeat-x;--awb-border-sizes-bottom:0px;--awb-border-radius-top-left:0px;--awb-border-radius-top-right:0px;--awb-border-radius-bottom-right:0px;--awb-border-radius-bottom-left:0px;--awb-margin-top:0px;--awb-margin-bottom:100px;--awb-flex-wrap:wrap;\" data-bg=\"https:\/\/buggy-mallorca.com\/wp-content\/uploads\/2021\/09\/particles-bg1.png\" ><div class=\"fusion-builder-row fusion-row fusion-flex-align-items-flex-start fusion-flex-content-wrap\" style=\"max-width:1393.6px;margin-left: calc(-4% \/ 2 );margin-right: calc(-4% \/ 2 );\"><div class=\"fusion-layout-column fusion_builder_column fusion-builder-column-0 fusion_builder_column_1_1 1_1 fusion-flex-column\" style=\"--awb-bg-size:cover;--awb-width-large:100%;--awb-margin-top-large:0px;--awb-spacing-right-large:1.92%;--awb-margin-bottom-large:0px;--awb-spacing-left-large:1.92%;--awb-width-medium:100%;--awb-order-medium:0;--awb-spacing-right-medium:1.92%;--awb-spacing-left-medium:1.92%;--awb-width-small:100%;--awb-order-small:0;--awb-spacing-right-small:1.92%;--awb-spacing-left-small:1.92%;\"><div class=\"fusion-column-wrapper fusion-column-has-shadow fusion-flex-justify-content-flex-start fusion-content-layout-column\"><div class=\"fusion-title title fusion-title-1 fusion-no-small-visibility fusion-no-medium-visibility fusion-sep-none fusion-title-center fusion-title-text fusion-title-size-one\" style=\"--awb-text-color:var(--awb-color4);--awb-margin-top:-40px;--awb-font-size:100px;\"><h1 class=\"fusion-title-heading title-heading-center fusion-responsive-typography-calculated\" style=\"font-family:&quot;Yellowtail&quot;;font-style:normal;font-weight:400;margin:0;font-size:1em;letter-spacing:var(--awb-custom_typography_1-letter-spacing);text-transform:var(--awb-custom_typography_1-text-transform);--fontSize:100;line-height:var(--awb-custom_typography_1-line-height);\">T\u00e9rminos y condiciones<\/h1><\/div><div class=\"fusion-title title fusion-title-2 fusion-no-large-visibility fusion-sep-none fusion-title-center fusion-title-text fusion-title-size-one\" style=\"--awb-text-color:var(--awb-color4);--awb-margin-top:-10px;--awb-margin-top-small:-20px;--awb-margin-bottom-small:-20px;--awb-font-size:60px;\"><h1 class=\"fusion-title-heading title-heading-center fusion-responsive-typography-calculated\" style=\"font-family:&quot;Yellowtail&quot;;font-style:normal;font-weight:400;margin:0;font-size:1em;letter-spacing:var(--awb-custom_typography_1-letter-spacing);text-transform:var(--awb-custom_typography_1-text-transform);--fontSize:60;line-height:var(--awb-custom_typography_1-line-height);\">T\u00e9rminos y condiciones<\/h1><\/div><div class=\"fusion-text fusion-text-1\"><h4 class=\"\" style=\"text-align: center; --fontsize: 30; line-height: 1.2;\" data-fontsize=\"30\" data-lineheight=\"36px\">CANCELACIONES POR PARTE DEL PARTICIPANTE:<\/h4>\n<p style=\"text-align: center;\">Cancelaci\u00f3n hasta 24 horas antes del inicio para un reembolso completo<\/p>\n<h4 class=\"\" style=\"text-align: center; --fontsize: 30; line-height: 1.2;\" data-fontsize=\"30\" data-lineheight=\"36px\">CANCELACIONES POR ADVENTURE TOURS MALLORCA SL:<\/h4>\n<p style=\"text-align: center;\">Reembolso del 100% del valor total.<\/p>\n<h4 class=\"\" style=\"text-align: center; --fontsize: 30; line-height: 1.2;\" data-fontsize=\"30\" data-lineheight=\"36px\">CANCELACIONES POR MAL TIEMPO (1):<\/h4>\n<p style=\"text-align: center;\">Reembolso del 100% del valor total.<\/p>\n<p style=\"text-align: center;\">(1) Mal tiempo es cuando las condiciones impiden el desarrollo seguro de la actividad. En ning\u00fan caso se considerar\u00e1 mal tiempo la nubosidad o la lluvia.<\/p>\n<h4 class=\"\" style=\"text-align: center; --fontsize: 30; line-height: 1.2;\" data-fontsize=\"30\" data-lineheight=\"36px\"><span style=\"font-size: 27px;\" data-fusion-font=\"true\">CANCELACIONES PARA EVENTOS O RESERVAS DE GRUPOS:<\/span><\/h4>\n<p style=\"text-align: center;\">Cancelaci\u00f3n con m\u00e1s de 30 d\u00edas antes de la actividad: devoluci\u00f3n del 100% del valor total.<\/p>\n<p style=\"text-align: center;\">Cancelaci\u00f3n m\u00e1s de 7 d\u00edas antes de la actividad: 30% coste, 70% devoluci\u00f3n total.<\/p>\n<p style=\"text-align: center;\">Cancelaci\u00f3n 7 d\u00edas o menos antes de la actividad: 100% costo, 0% reembolso completo.<\/p>\n<\/p>\n<h4 class=\"\" style=\"text-align: center; --fontsize: 30; line-height: 1.2;\" data-fontsize=\"30\" data-lineheight=\"36px\"> <\/h4>\n<p style=\"text-align: center;\">\n<\/div><div class=\"fusion-text fusion-text-2\"><h4 style=\"text-align: center; --fontSize:30; line-height: 1.2;\" data-fontsize=\"30\" data-lineheight=\"36px\" class=\"fusion-responsive-typography-calculated\">RECOMENDACIONES Y NOTAS IMPORTANTES:<\/h4>\n<div class=\"page\" title=\"Page 1\">\n<div class=\"section\">\n<div class=\"layoutArea\">\n<div class=\"column\">\n<p>Recomendamos que lea atentamente la informacio\u0301n que se le proporciona antes de participar en la actividad, ya que el cumplimiento de los requisitos es obligatorio para poder realizar el tour en buggy.<\/p>\n<ul>\n<li>La Edad mi\u0301nima para conducir es de 21 an\u0303os.<\/li>\n<li>Se permite la participacio\u0301n de nin\u0303os a partir de 5\n<p>an\u0303os.<\/p>\n<\/li>\n<li>No hay deposito, pero hay una franquicia de\n<p>1.500,00 \u20ac en caso de accidentes.<\/p>\n<\/li>\n<li>Por un recargo de 20,00 \u20ac POR conductor, la\n<p>franquicia se reduce a 0,00 \u20ac, se puede pagar al<\/p>\n<p>momento antes del inicio del tour si lo desea.<\/p>\n<\/li>\n<li>En caso de incumplimiento intencionado de las instrucciones de seguridad del Guide o de las normas de tra\u0301fico, el participante debera\u0301 pagar el\n<p>coste total de los dan\u0303os.<\/p>\n<\/li>\n<li>UN cambio de conductor posible durante el\n<p>recorrido.<\/p>\n<\/li>\n<li>Los CONDUCTORES de Buggys debera\u0301n de llevar su\n<p>permiso de circulacio\u0301n de pai\u0301s de origen ORIGINAL y en VIGOR. NO SE ACEPTA OTRA ACREDITACIO\u0301N DE CONDUCCIO\u0301N. (No Copias, No Fotos\/PDF o Apps).<\/p>\n<\/li>\n<li>Es obligatorio llevar calzado cerrado, no se permiten chanclas.<\/li>\n<li>Se recomienda llevar ropa robusta y gafas de sol para el trayecto.<\/li>\n<li>Hacemos una parada en el Monasterio de Randa, por lo que te recomendamos que lleves dinerito para la merienda.<\/li>\n<li>Las Salidas de los Tours son PUNTUALES. NO podemos esperar a participantes que lleven retraso. Apelamos a su comprensio\u0301n y recomendamos que planifique con antelacio\u0301n su trayecto y la bu\u0301squeda de aparcamiento.<\/li>\n<li>Adventure Tours Mallorca se reserva el derecho de mantener a los clientes bajo la influencia del alcohol o las drogas fuera del tour. &#8211; No se devolvera\u0301 el dinero.\n<p>Para cualquier consulta, puede contactar con nosotros en el tele\u0301fono +34 611205745 en horario comercial de 9:00 hs a 18:00 hs.<\/p>\n<\/li>\n<\/ul>\n<\/div>\n<\/div>\n<\/div>\n<\/div>\n<\/div><\/div><\/div><\/div><\/div><div class=\"fusion-fullwidth fullwidth-box fusion-builder-row-2 fusion-flex-container hundred-percent-fullwidth non-hundred-percent-height-scrolling\" style=\"--awb-border-radius-top-left:0px;--awb-border-radius-top-right:0px;--awb-border-radius-bottom-right:0px;--awb-border-radius-bottom-left:0px;--awb-margin-top:0px;--awb-flex-wrap:wrap;\" ><div class=\"fusion-builder-row fusion-row fusion-flex-align-items-flex-start fusion-flex-content-wrap\" style=\"width:104% !important;max-width:104% !important;margin-left: calc(-4% \/ 2 );margin-right: calc(-4% \/ 2 );\"><div class=\"fusion-layout-column fusion_builder_column fusion-builder-column-1 fusion_builder_column_1_1 1_1 fusion-flex-column\" style=\"--awb-bg-size:cover;--awb-width-large:100%;--awb-margin-top-large:0px;--awb-spacing-right-large:1.92%;--awb-margin-bottom-large:20px;--awb-spacing-left-large:1.92%;--awb-width-medium:100%;--awb-order-medium:0;--awb-spacing-right-medium:1.92%;--awb-spacing-left-medium:1.92%;--awb-width-small:100%;--awb-order-small:0;--awb-spacing-right-small:1.92%;--awb-spacing-left-small:1.92%;\"><div class=\"fusion-column-wrapper fusion-column-has-shadow fusion-flex-justify-content-flex-start fusion-content-layout-column\"><div class=\"fusion-section-separator section-separator splash fusion-section-separator-1\" style=\"--awb-spacer-height:65px;--awb-svg-margin-left:1.92%;--awb-svg-margin-right:1.92%;--awb-svg-margin-left-medium:1.92%;--awb-svg-margin-right-medium:1.92%;--awb-svg-margin-left-small:1.92%;--awb-svg-margin-right-small:1.92%;--awb-bg-size:100% 100%;--awb-bg-size-medium:100% 100%;--awb-bg-size-small:100% 100%;--awb-margin-top:-60px;\"><div class=\"fusion-section-separator-svg\"><div class=\"fusion-splash-candy-sep fusion-section-separator-svg-bg\" style=\"background-image:url( data:image\/svg+xml;utf8,%3Csvg%20xmlns%3D%22http%3A%2F%2Fwww.w3.org%2F2000%2Fsvg%22%20version%3D%221.1%22%20width%3D%22100%25%22%20viewBox%3D%220%200%20330%2065.34%22%20preserveAspectRatio%3D%22none%22%20fill%3D%22rgba%28255%2C255%2C255%2C1%29%22%3E%3Cpath%20d%3D%22M275.42%2C351.54c1.21-.89%2C1.91-.67%2C2.09.66-1.22.89-1.92.67-2.09-.66Z%22%20transform%3D%22translate%28-31%20-351%29%22%2F%3E%3Cpath%20d%3D%22M249.07%2C361.49a15%2C15%2C0%2C0%2C1%2C6.42-1.17c-1.51%2C2.59-4.81%2C2.23-7.33%2C2.82l.91-1.65Z%22%20transform%3D%22translate%28-31%20-351%29%22%2F%3E%3Cpath%20d%3D%22M282.66%2C364.9c1.2-2.87%2C4.9-1.91%2C7.35-2-1.41%2C2.63-4.9%2C1.75-7.35%2C2Z%22%20transform%3D%22translate%28-31%20-351%29%22%2F%3E%3Cpath%20d%3D%22M207.69%2C370.55c.38-4.18%2C5.48-5.1%2C8.81-4.13-2.05%2C2.82-5.67%2C3.31-8.81%2C4.13Z%22%20transform%3D%22translate%28-31%20-351%29%22%2F%3E%3Cpath%20d%3D%22M266.83%2C371.61a5.8%2C5.8%2C0%2C0%2C1%2C4.92.15c-2.68%2C1.71-5.86%2C2.14-8.95%2C2.36.18-2.09%2C2.5-2%2C4-2.51Z%22%20transform%3D%22translate%28-31%20-351%29%22%2F%3E%3Cpath%20d%3D%22M196%2C374.49c2.92-1.63.26%2C3.28%2C0%2C0Z%22%20transform%3D%22translate%28-31%20-351%29%22%2F%3E%3Cpath%20d%3D%22M241.12%2C378.52a11.35%2C11.35%2C0%2C0%2C1%2C8.46-3.81%2C42%2C42%2C0%2C0%2C1-3.76%2C3.17c.42.6.85%2C1.19%2C1.28%2C1.79l-1.55%2C2.76a26.22%2C26.22%2C0%2C0%2C0%2C8-1.13c-.07.43-.23%2C1.28-.3%2C1.71l2.57.84A168%2C168%2C0%2C0%2C1%2C240%2C390.66c-.55%2C1.52.95%2C2.09%2C2.09%2C2.55%2C3.26-.71%2C6.62-.16%2C9.82-1.22v-2.65l3.13-.16c0%2C.53%2C0%2C1.59-.07%2C2.13%2C3.13-1.13%2C6.44-1.66%2C9.58-2.74%2C2.92-1.16%2C6.49-.84%2C8.79-3.27-.07.71-.19%2C2.13-.25%2C2.84%2C1.27.14%2C2.55.25%2C3.83.32.05-1.25.11-2.49.18-3.74%2C1.36.31%2C2.73.63%2C4.12.91l2.79-.54-1.28%2C1c-1.32.4-2.65.77-4%2C1.08.41%2C1.11.86%2C2.21%2C1.34%2C3.3l-2.07-.2.08%2C3.09c3.1%2C0%2C6.19-.06%2C9.28-.2l-.4%2C1.64c1.78.55%2C2.55%2C2.27%2C3.53%2C3.69%2C3.83-1.64%2C7.63.1%2C11.57-.07%2C0%2C1.72%2C0%2C3.43%2C0%2C5.15%2C2.13-.47%2C4.24-1.05%2C6.36-1.58a4.39%2C4.39%2C0%2C0%2C1%2C3-2.09c.95-.69%2C1.8-1.72%2C3.1-1.62.29.55.89%2C1.66%2C1.19%2C2.21a14.11%2C14.11%2C0%2C0%2C1%2C6%2C2.29c1.62-1.63%2C3.72-1.34%2C5.77-.93.36.35%2C1.06%2C1%2C1.41%2C1.41%2C1.8%2C0%2C3.6%2C0%2C5.4%2C0%2C2.18-2.06%2C4.92%2C0%2C7.28.56l.83%2C2.72%2C2.76.56%2C3.49-1.66-.63%2C1.23a6%2C6%2C0%2C0%2C1%2C3.79.47l1.56-1.66%2C1.84%2C2.37c1.07-1.19%2C2.08-2.43%2C3.08-3.69l2.73.25v11.93H31v-8.93l4.18-1.64c-.06.62-.17%2C1.87-.23%2C2.49l3.48.05c.57-1%2C1.16-2%2C1.75-3%2C.66.83%2C1.32%2C1.66%2C2%2C2.48%2C1-1.09%2C2-2.22%2C3-3.37%2C1.49-.18%2C3-.39%2C4.46-.64.51-2.17%2C1.29-4.31%2C1.17-6.57%2C1-.43%2C2.07-.85%2C3.11-1.26l.24%2C2.75c1.37-.79%2C2.7-1.64%2C4-2.47.32.53%2C1%2C1.59%2C1.31%2C2.12A47.42%2C47.42%2C0%2C0%2C0%2C67%2C396.05a16.74%2C16.74%2C0%2C0%2C0-1-4.68l1.52-.52a21.5%2C21.5%2C0%2C0%2C0%2C2.52%2C4.79c3.87-2.26%2C8.57-3.75%2C11-7.78%2C0%2C.69-.15%2C2.08-.19%2C2.77%2C1.42-.25%2C2.85-.45%2C4.29-.57-2.39%2C1.71-5.72.37-8%2C2.3a2%2C2%2C0%2C0%2C0%2C0%2C3.68c-.08%2C1.07-.15%2C2.15-.23%2C3.23l2.37-.65L79%2C400.79c3.17-1.38%2C5.34-4.75%2C9-4.84%2C0-.6-.15-1.8-.21-2.4a26.51%2C26.51%2C0%2C0%2C0%2C7.78-4.36c.44%2C2%2C1%2C4%2C1.55%2C6%2C1.73%2C0%2C3.45.07%2C5.18.1a3.46%2C3.46%2C0%2C0%2C0-2.3-3.09l2.69-.86c-.9-2.29%2C1.19-2.78%2C2.86-3.37.49.69%2C1.49%2C2.06%2C2%2C2.75q2-1%2C3.9-2.18c1.39-.47%2C2.77-.94%2C4.17-1.39.12-3.77%2C4.26-2.28%2C6.67-2.41-1.68.19-3.36.32-5%2C.46.14%2C3%2C2.73%2C1.78%2C4.41%2C1.91l.18.34c-1.17.11-2.35.22-3.52.35a7.93%2C7.93%2C0%2C0%2C1-2.17%2C5.21c-.07-.67-.22-2-.29-2.67-2%2C.05-3.93.09-5.9.1v2.12l-3-.11c.05.53.17%2C1.58.22%2C2.11l2.39%2C1.79%2C2.14-.6c1.74.65%2C5.41-.52%2C4.51%2C2.6h4.33c.23-2.9%2C3.32-2.26%2C5.35-2%2C.14-1.5.31-3%2C.51-4.48%2C1.6.37%2C3.21.73%2C4.82%2C1.08l-3.15.43c-.48%2C1.31-1%2C2.63-1.38%2C4%2C5.42%2C0%2C10.85-.63%2C16.24.09l.12-2.89%2C1.49%2C2.94c1.88-1.32%2C3.9-2.44%2C6.28-2.31.55.87%2C1.11%2C1.74%2C1.67%2C2.6-1.49-.15-3-.28-4.49-.42%2C0%2C.68%2C0%2C2%2C0%2C2.72%2C1.24.33%2C2.48.72%2C3.7%2C1.16l1.51%2C0a16.26%2C16.26%2C0%2C0%2C1%2C4.86-1.56c-.14-1.51-.3-3-.52-4.52a10.34%2C10.34%2C0%2C0%2C1%2C3.33-2.2c.05-1.46.12-2.91.21-4.36%2C1.41.38%2C2.84.76%2C4.23%2C1.24l-3.85-.2c.74%2C1%2C1.53%2C2%2C2.34%2C3l3.63-1.26-2.73%2C1.76c.91%2C1.82%2C2%2C3.57%2C2.81%2C5.44a12.57%2C12.57%2C0%2C0%2C1%2C7.49-.76c.56-1.27%2C1.12-1%2C1.53.54l4.41.07.13-1.58%2C2.24.44c1.43-.69%2C2.92-1.27%2C4.4-1.87.09.73.28%2C2.19.37%2C2.91l2.4.84c-.16.81-.49%2C2.43-.66%2C3.24H194c0-.59-.12-1.76-.17-2.34l3.62%2C1%2C1.8-2.43c-.26%2C1.79-.62%2C3.56-1%2C5.32q1.71-1.17%2C3.33-2.49l2.35-.26c0-.78%2C0-2.32.06-3.1l-1.57%2C1%2C.31-1.19L199.2%2C396l3.87%2C1-.08-1.51-3.31-.33a9%2C9%2C0%2C0%2C1%2C6.85-1.7c.7-1.72-.53-3.07-1.65-4.22%2C1.67.85%2C3.23%2C1.9%2C4.88%2C2.81a4.11%2C4.11%2C0%2C0%2C0-3.08%2C4.3c1.87-.09%2C3.75-.21%2C5.64-.23%2C1.19%2C2.82%2C3.15-.1%2C4.65-.69q-.3-1.38-.51-2.76a62%2C62%2C0%2C0%2C1%2C7%2C2.81%2C11.28%2C11.28%2C0%2C0%2C0%2C4-3.68c2.8-2.21%2C5.53-4.54%2C8.15-7l-2.53-.26c.95-.5%2C1.9-1%2C2.86-1.49%2C0-.62-.08-1.85-.1-2.46%2C1.74-.7%2C3.48-1.4%2C5.24-2.06Z%22%20transform%3D%22translate%28-31%20-351%29%22%2F%3E%3Cpath%20d%3D%22M224.78%2C378.53a20.92%2C20.92%2C0%2C0%2C1%2C5-2.88l.51%2C1.49a24.44%2C24.44%2C0%2C0%2C1-5.49%2C1.39Z%22%20transform%3D%22translate%28-31%20-351%29%22%2F%3E%3Cpath%20d%3D%22M263.84%2C378.63c3.08-.55%2C5.68-2.38%2C8.53-3.57-.1%2C1.74-.27%2C3.47-.24%2C5.21l-1.16.22c0-.57%2C0-1.71%2C0-2.28-2.65-.47-4.87%2C1.38-3.91%2C4.13l-1.31%2C0c.07-.5.2-1.51.27-2-2%2C.1-4%2C.17-6%2C.08a9.17%2C9.17%2C0%2C0%2C1%2C3.81-1.79Z%22%20transform%3D%22translate%28-31%20-351%29%22%2F%3E%3Cpath%20d%3D%22M99.18%2C376.36c3-1.3-.22%2C3.36%2C0%2C0Z%22%20transform%3D%22translate%28-31%20-351%29%22%2F%3E%3Cpath%20d%3D%22M116.72%2C380c-.11-1.3-.45-3.65%2C1.32-3.95%2C2.52.55.22%2C3.78-1.32%2C3.95Z%22%20transform%3D%22translate%28-31%20-351%29%22%2F%3E%3Cpath%20d%3D%22M104.08%2C381.55c-2.44.41-3.4-2.62-.89-3.26l2%2C2.83-.61%2C1.37c1.75.21%2C4%2C0%2C3.75-2.32%2C2.22-.68%2C4.47-1.24%2C6.7-1.88-.83%2C1-1.66%2C2.08-2.43%2C3.16l-2%2C.26c-2%2C1.6-4.67%2C1.33-7%2C2l.57-2.15Z%22%20transform%3D%22translate%28-31%20-351%29%22%2F%3E%3Cpath%20d%3D%22M324.12%2C380.12c.37-1.23%2C1.19-1.42%2C2.47-.57-.4%2C1.22-1.22%2C1.41-2.47.57Z%22%20transform%3D%22translate%28-31%20-351%29%22%2F%3E%3Cpath%20d%3D%22M82.11%2C382.19c-.34-1.3%2C1.77-2.24%2C2.76-1.65.3%2C1.24-1.78%2C2.25-2.76%2C1.65Z%22%20transform%3D%22translate%28-31%20-351%29%22%2F%3E%3Cpolygon%20points%3D%22107.19%2029.5%20107.86%2029.52%20107.85%2030.18%20107.18%2030.18%20107.19%2029.5%20107.19%2029.5%22%2F%3E%3Cpath%20d%3D%22M190.11%2C380.45c2.84-1.78.43%2C3.29%2C0%2C0Z%22%20transform%3D%22translate%28-31%20-351%29%22%2F%3E%3Cpath%20d%3D%22M225.11%2C382c1.71%2C0%2C2.49.9%2C2.08%2C2.63%2C1.8-.44%2C3.24-1.65%2C4.93-2.37-.72%2C3.61-4.73%2C4.33-7.44%2C5.94.19-2.06.32-4.13.43-6.2Z%22%20transform%3D%22translate%28-31%20-351%29%22%2F%3E%3Cpath%20d%3D%22M74.59%2C387.76c.67-1.58%2C1.24-3.62%2C3.27-3.83-.69%2C2-.94%2C4.29-2.44%2C5.94-1.36-.06-3%2C.17-3.94-1.1l3.11-1Z%22%20transform%3D%22translate%28-31%20-351%29%22%2F%3E%3Cpath%20d%3D%22M124.11%2C384.49c2.84%2C1.06%2C6%2C.78%2C8.78%2C1.85l2.56-.52c-.18.78-.36%2C1.56-.53%2C2.34l-3.43.82a32.41%2C32.41%2C0%2C0%2C0-1.15-3.17c-2.21.24-4.5.24-6.23-1.32Z%22%20transform%3D%22translate%28-31%20-351%29%22%2F%3E%3Cpath%20d%3D%22M306.29%2C386.17c1.11-.57%2C2.26-1.08%2C3.39-1.62l-1%2C2.75%2C3.23%2C0%2C.2%2C2.09-4.4-.07c.29.9.59%2C1.79.91%2C2.68l-2.94.36c1.36-2.94-1.53-4.63-4.12-3.71a10.68%2C10.68%2C0%2C0%2C1-4.17%2C1c1-1.44%2C2.21-2.66%2C4.06-2.71%2C1.44-1.13%2C3.07-1.78%2C4.8-.76Z%22%20transform%3D%22translate%28-31%20-351%29%22%2F%3E%3Cpath%20d%3D%22M109.24%2C385.53c1.17-.9%2C1.87-.69%2C2.1.62-1.19.93-1.88.73-2.1-.62Z%22%20transform%3D%22translate%28-31%20-351%29%22%2F%3E%3Cpath%20d%3D%22M164.68%2C387.68c.54-1.46%2C2.95-.62%2C3.91.07l-.06.35c-1.08.71-3.16.92-3.85-.42Z%22%20transform%3D%22translate%28-31%20-351%29%22%2F%3E%3Cpath%20d%3D%22M67.1%2C388.8c-.08-1.48%2C2.43-2.38%2C3.55-1.54%2C0%2C1.53-2.41%2C1.85-3.55%2C1.54Z%22%20transform%3D%22translate%28-31%20-351%29%22%2F%3E%3Cpath%20d%3D%22M169.24%2C389.42c1.51-.32%2C3.27.55%2C4.51%2C1.38-.44%2C1.85-5.18.54-4.51-1.38Z%22%20transform%3D%22translate%28-31%20-351%29%22%2F%3E%3Cpath%20d%3D%22M216.48%2C389.45c3-1.56.24%2C3.23%2C0%2C0Z%22%20transform%3D%22translate%28-31%20-351%29%22%2F%3E%3Cpath%20d%3D%22M296.92%2C392.93c.79-1.75%2C2.82-1.48%2C4.41-1.55-.73%2C1.95-2.82%2C1.46-4.41%2C1.55Z%22%20transform%3D%22translate%28-31%20-351%29%22%2F%3E%3Cpath%20d%3D%22M309.91%2C393a4.73%2C4.73%2C0%2C0%2C1%2C5.36%2C0%2C6.08%2C6.08%2C0%2C0%2C1-5.36%2C0Z%22%20transform%3D%22translate%28-31%20-351%29%22%2F%3E%3Cpath%20d%3D%22M190.82%2C393.34H192v1.44a47.93%2C47.93%2C0%2C0%2C1%2C5.17%2C1.08%2C12.81%2C12.81%2C0%2C0%2C1-5.26.47c-.37-1-.73-2-1.09-3Z%22%20transform%3D%22translate%28-31%20-351%29%22%2F%3E%3Cpath%20d%3D%22M302.67%2C397.29c-.09-3.19%2C3.24.39%2C2.94%2C1.75a2.69%2C2.69%2C0%2C0%2C1-2.65-.94l-.29-.81Z%22%20transform%3D%22translate%28-31%20-351%29%22%2F%3E%3Cpath%20d%3D%22M322%2C397.55c4.56-2.18%2C8.87.88%2C13.31%2C1.65-2%2C2.41-5.52.93-7.78-.33-1.87-.35-3.71-.8-5.53-1.32Z%22%20transform%3D%22translate%28-31%20-351%29%22%2F%3E%3Cpath%20d%3D%22M343.24%2C397.31c2.13-.07%2C4.57-.12%2C6.2%2C1.5-2.14%2C0-4.56.19-6.2-1.5Z%22%20transform%3D%22translate%28-31%20-351%29%22%2F%3E%3C%2Fsvg%3E );height:65px;\"><\/div><\/div><div class=\"fusion-section-separator-spacer\"><div class=\"fusion-section-separator-spacer-height\"><\/div><\/div><\/div><\/div><\/div><\/div><\/div><\/p>\n","protected":false},"excerpt":{"rendered":"","protected":false},"author":1,"featured_media":0,"parent":0,"menu_order":0,"comment_status":"closed","ping_status":"closed","template":"100-width.php","meta":{"_joinchat":[],"footnotes":""},"class_list":["post-2867","page","type-page","status-publish","hentry"],"_links":{"self":[{"href":"https:\/\/buggy-mallorca.com\/es\/wp-json\/wp\/v2\/pages\/2867","targetHints":{"allow":["GET"]}}],"collection":[{"href":"https:\/\/buggy-mallorca.com\/es\/wp-json\/wp\/v2\/pages"}],"about":[{"href":"https:\/\/buggy-mallorca.com\/es\/wp-json\/wp\/v2\/types\/page"}],"author":[{"embeddable":true,"href":"https:\/\/buggy-mallorca.com\/es\/wp-json\/wp\/v2\/users\/1"}],"replies":[{"embeddable":true,"href":"https:\/\/buggy-mallorca.com\/es\/wp-json\/wp\/v2\/comments?post=2867"}],"version-history":[{"count":14,"href":"https:\/\/buggy-mallorca.com\/es\/wp-json\/wp\/v2\/pages\/2867\/revisions"}],"predecessor-version":[{"id":3786,"href":"https:\/\/buggy-mallorca.com\/es\/wp-json\/wp\/v2\/pages\/2867\/revisions\/3786"}],"wp:attachment":[{"href":"https:\/\/buggy-mallorca.com\/es\/wp-json\/wp\/v2\/media?parent=2867"}],"curies":[{"name":"wp","href":"https:\/\/api.w.org\/{rel}","templated":true}]}}